{"id":3366,"date":"2022-03-14T20:59:27","date_gmt":"2022-03-14T19:59:27","guid":{"rendered":"https:\/\/brummi-dusche.jam-digital.de\/otisk\/"},"modified":"2023-04-19T10:15:20","modified_gmt":"2023-04-19T08:15:20","slug":"otisk","status":"publish","type":"page","link":"https:\/\/brummi-dusche.com\/cs\/otisk\/","title":{"rendered":"Otisk"},"content":{"rendered":"\t\t<div data-elementor-type=\"wp-page\" data-elementor-id=\"3366\" class=\"elementor elementor-3366 elementor-76\" data-elementor-post-type=\"page\">\n\t\t\t\t\t\t<section class=\"elementor-section elementor-top-section elementor-element elementor-element-51f9f6c0 elementor-section-height-min-height elementor-section-boxed elementor-section-height-default elementor-section-items-middle\" data-id=\"51f9f6c0\" data-element_type=\"section\" data-e-type=\"section\" data-settings=\"{&quot;background_background&quot;:&quot;classic&quot;}\">\n\t\t\t\t\t\t\t<div class=\"elementor-background-overlay\"><\/div>\n\t\t\t\t\t\t\t<div class=\"elementor-container elementor-column-gap-default\">\n\t\t\t\t\t<div class=\"elementor-column elementor-col-50 elementor-top-column elementor-element elementor-element-73bfc7b1\" data-id=\"73bfc7b1\" data-element_type=\"column\" data-e-type=\"column\">\n\t\t\t<div class=\"elementor-widget-wrap elementor-element-populated\">\n\t\t\t\t\t\t<div class=\"elementor-element elementor-element-7413f5a8 elementor-view-default elementor-widget elementor-widget-icon\" data-id=\"7413f5a8\" data-element_type=\"widget\" data-e-type=\"widget\" data-widget_type=\"icon.default\">\n\t\t\t\t<div class=\"elementor-widget-container\">\n\t\t\t\t\t\t\t<div class=\"elementor-icon-wrapper\">\n\t\t\t<a class=\"elementor-icon\" href=\"https:\/\/brummi-dusche.com\/cs\/\">\n\t\t\t<i aria-hidden=\"true\" class=\"far fa-arrow-alt-circle-left\"><\/i>\t\t\t<\/a>\n\t\t<\/div>\n\t\t\t\t\t\t<\/div>\n\t\t\t\t<\/div>\n\t\t\t\t\t<\/div>\n\t\t<\/div>\n\t\t\t\t<div class=\"elementor-column elementor-col-50 elementor-top-column elementor-element elementor-element-2d1e747\" data-id=\"2d1e747\" data-element_type=\"column\" data-e-type=\"column\">\n\t\t\t<div class=\"elementor-widget-wrap elementor-element-populated\">\n\t\t\t\t\t\t<div class=\"elementor-element elementor-element-235e0a16 elementor-widget elementor-widget-heading\" data-id=\"235e0a16\" data-element_type=\"widget\" data-e-type=\"widget\" data-widget_type=\"heading.default\">\n\t\t\t\t<div class=\"elementor-widget-container\">\n\t\t\t\t\t<h1 class=\"elementor-heading-title elementor-size-default\">Otisk<\/h1>\t\t\t\t<\/div>\n\t\t\t\t<\/div>\n\t\t\t\t\t<\/div>\n\t\t<\/div>\n\t\t\t\t\t<\/div>\n\t\t<\/section>\n\t\t\t\t<section class=\"elementor-section elementor-top-section elementor-element elementor-element-6478d6a elementor-section-boxed elementor-section-height-default elementor-section-height-default\" data-id=\"6478d6a\" data-element_type=\"section\" data-e-type=\"section\" data-settings=\"{&quot;background_background&quot;:&quot;classic&quot;}\">\n\t\t\t\t\t\t\t<div class=\"elementor-background-overlay\"><\/div>\n\t\t\t\t\t\t\t<div class=\"elementor-container elementor-column-gap-default\">\n\t\t\t\t\t<div class=\"elementor-column elementor-col-100 elementor-top-column elementor-element elementor-element-11b159f\" data-id=\"11b159f\" data-element_type=\"column\" data-e-type=\"column\">\n\t\t\t<div class=\"elementor-widget-wrap elementor-element-populated\">\n\t\t\t\t\t\t<section class=\"elementor-section elementor-inner-section elementor-element elementor-element-5984f915 elementor-section-boxed elementor-section-height-default elementor-section-height-default\" data-id=\"5984f915\" data-element_type=\"section\" data-e-type=\"section\">\n\t\t\t\t\t\t<div class=\"elementor-container elementor-column-gap-default\">\n\t\t\t\t\t<div class=\"elementor-column elementor-col-100 elementor-inner-column elementor-element elementor-element-7249a773\" data-id=\"7249a773\" data-element_type=\"column\" data-e-type=\"column\">\n\t\t\t<div class=\"elementor-widget-wrap elementor-element-populated\">\n\t\t\t\t\t\t<div class=\"elementor-element elementor-element-78748cee elementor-widget elementor-widget-heading\" data-id=\"78748cee\" data-element_type=\"widget\" data-e-type=\"widget\" data-widget_type=\"heading.default\">\n\t\t\t\t<div class=\"elementor-widget-container\">\n\t\t\t\t\t<h3 class=\"elementor-heading-title elementor-size-default\">Informace podle \u00a75 TMG<\/h3>\t\t\t\t<\/div>\n\t\t\t\t<\/div>\n\t\t\t\t<div class=\"elementor-element elementor-element-70d612b2 elementor-widget elementor-widget-text-editor\" data-id=\"70d612b2\" data-element_type=\"widget\" data-e-type=\"widget\" data-widget_type=\"text-editor.default\">\n\t\t\t\t<div class=\"elementor-widget-container\">\n\t\t\t\t\t\t\t\t\tBrummi Dusche Carduck GmbH <br>\nV\u00fdkonn\u00fd \u0159editel: Peter Carduck <br> <br> Rejst\u0159\u00edkov\u00fd soud: M\u00edstn\u00ed soud D\u00fcren <br> Registra\u010dn\u00ed \u010d\u00edslo: HRB 1737 <br> Identifika\u010dn\u00ed \u010d\u00edslo pro da\u0148 z prodeje podle \u00a7 27a UStG: DE170786431 \t\t\t\t\t\t\t\t<\/div>\n\t\t\t\t<\/div>\n\t\t\t\t\t<\/div>\n\t\t<\/div>\n\t\t\t\t\t<\/div>\n\t\t<\/section>\n\t\t\t\t<section class=\"elementor-section elementor-inner-section elementor-element elementor-element-556c5800 elementor-section-boxed elementor-section-height-default elementor-section-height-default\" data-id=\"556c5800\" data-element_type=\"section\" data-e-type=\"section\">\n\t\t\t\t\t\t<div class=\"elementor-container elementor-column-gap-default\">\n\t\t\t\t\t<div class=\"elementor-column elementor-col-100 elementor-inner-column elementor-element elementor-element-3aeb89d4\" data-id=\"3aeb89d4\" data-element_type=\"column\" data-e-type=\"column\">\n\t\t\t<div class=\"elementor-widget-wrap elementor-element-populated\">\n\t\t\t\t\t\t<div class=\"elementor-element elementor-element-6495f65e elementor-widget elementor-widget-heading\" data-id=\"6495f65e\" data-element_type=\"widget\" data-e-type=\"widget\" data-widget_type=\"heading.default\">\n\t\t\t\t<div class=\"elementor-widget-container\">\n\t\t\t\t\t<h3 class=\"elementor-heading-title elementor-size-default\">Adresa bydli\u0161t\u011b:<\/h3>\t\t\t\t<\/div>\n\t\t\t\t<\/div>\n\t\t\t\t<div class=\"elementor-element elementor-element-689ca910 elementor-widget elementor-widget-text-editor\" data-id=\"689ca910\" data-element_type=\"widget\" data-e-type=\"widget\" data-widget_type=\"text-editor.default\">\n\t\t\t\t<div class=\"elementor-widget-container\">\n\t\t\t\t\t\t\t\t\t<p>Brummi Dusche &#8211; Carduck GmbH<br \/>Willi-Bleicher-Str. 52 &#8211; 54<br \/>52353 D\u00fcren<\/p>\n\t\t\t\t\t\t\t\t<\/div>\n\t\t\t\t<\/div>\n\t\t\t\t\t<\/div>\n\t\t<\/div>\n\t\t\t\t\t<\/div>\n\t\t<\/section>\n\t\t\t\t<section class=\"elementor-section elementor-inner-section elementor-element elementor-element-607eae64 elementor-section-boxed elementor-section-height-default elementor-section-height-default\" data-id=\"607eae64\" data-element_type=\"section\" data-e-type=\"section\">\n\t\t\t\t\t\t<div class=\"elementor-container elementor-column-gap-default\">\n\t\t\t\t\t<div class=\"elementor-column elementor-col-100 elementor-inner-column elementor-element elementor-element-70d817b7\" data-id=\"70d817b7\" data-element_type=\"column\" data-e-type=\"column\">\n\t\t\t<div class=\"elementor-widget-wrap elementor-element-populated\">\n\t\t\t\t\t\t<div class=\"elementor-element elementor-element-6c5df4e4 elementor-widget elementor-widget-heading\" data-id=\"6c5df4e4\" data-element_type=\"widget\" data-e-type=\"widget\" data-widget_type=\"heading.default\">\n\t\t\t\t<div class=\"elementor-widget-container\">\n\t\t\t\t\t<h3 class=\"elementor-heading-title elementor-size-default\">Zplnomocn\u011bn\u00ed z\u00e1stupci:<\/h3>\t\t\t\t<\/div>\n\t\t\t\t<\/div>\n\t\t\t\t<div class=\"elementor-element elementor-element-3b145906 elementor-widget elementor-widget-text-editor\" data-id=\"3b145906\" data-element_type=\"widget\" data-e-type=\"widget\" data-widget_type=\"text-editor.default\">\n\t\t\t\t<div class=\"elementor-widget-container\">\n\t\t\t\t\t\t\t\t\t<p>Peter Carduck<\/p>\n\t\t\t\t\t\t\t\t<\/div>\n\t\t\t\t<\/div>\n\t\t\t\t\t<\/div>\n\t\t<\/div>\n\t\t\t\t\t<\/div>\n\t\t<\/section>\n\t\t\t\t<section class=\"elementor-section elementor-inner-section elementor-element elementor-element-57bf3dea elementor-section-boxed elementor-section-height-default elementor-section-height-default\" data-id=\"57bf3dea\" data-element_type=\"section\" data-e-type=\"section\">\n\t\t\t\t\t\t<div class=\"elementor-container elementor-column-gap-default\">\n\t\t\t\t\t<div class=\"elementor-column elementor-col-100 elementor-inner-column elementor-element elementor-element-388633ae\" data-id=\"388633ae\" data-element_type=\"column\" data-e-type=\"column\">\n\t\t\t<div class=\"elementor-widget-wrap elementor-element-populated\">\n\t\t\t\t\t\t<div class=\"elementor-element elementor-element-68db3dbf elementor-widget elementor-widget-heading\" data-id=\"68db3dbf\" data-element_type=\"widget\" data-e-type=\"widget\" data-widget_type=\"heading.default\">\n\t\t\t\t<div class=\"elementor-widget-container\">\n\t\t\t\t\t<h3 class=\"elementor-heading-title elementor-size-default\">Kontaktn\u00ed \u00fadaje:<\/h3>\t\t\t\t<\/div>\n\t\t\t\t<\/div>\n\t\t\t\t<div class=\"elementor-element elementor-element-72a792b9 elementor-widget elementor-widget-text-editor\" data-id=\"72a792b9\" data-element_type=\"widget\" data-e-type=\"widget\" data-widget_type=\"text-editor.default\">\n\t\t\t\t<div class=\"elementor-widget-container\">\n\t\t\t\t\t\t\t\t\t<p>brummidusche.dueren@t-online.de<br \/>www.brummi-dusche.de<\/p>\n\t\t\t\t\t\t\t\t<\/div>\n\t\t\t\t<\/div>\n\t\t\t\t\t<\/div>\n\t\t<\/div>\n\t\t\t\t\t<\/div>\n\t\t<\/section>\n\t\t\t\t<section class=\"elementor-section elementor-inner-section elementor-element elementor-element-24ca7bde elementor-section-boxed elementor-section-height-default elementor-section-height-default\" data-id=\"24ca7bde\" data-element_type=\"section\" data-e-type=\"section\">\n\t\t\t\t\t\t<div class=\"elementor-container elementor-column-gap-default\">\n\t\t\t\t\t<div class=\"elementor-column elementor-col-100 elementor-inner-column elementor-element elementor-element-907da7\" data-id=\"907da7\" data-element_type=\"column\" data-e-type=\"column\">\n\t\t\t<div class=\"elementor-widget-wrap elementor-element-populated\">\n\t\t\t\t\t\t<div class=\"elementor-element elementor-element-611b3bd7 elementor-widget elementor-widget-heading\" data-id=\"611b3bd7\" data-element_type=\"widget\" data-e-type=\"widget\" data-widget_type=\"heading.default\">\n\t\t\t\t<div class=\"elementor-widget-container\">\n\t\t\t\t\t<h3 class=\"elementor-heading-title elementor-size-default\">Pr\u00e1vn\u00ed upozorn\u011bn\u00ed<\/h3>\t\t\t\t<\/div>\n\t\t\t\t<\/div>\n\t\t\t\t<div class=\"elementor-element elementor-element-12787320 elementor-widget elementor-widget-text-editor\" data-id=\"12787320\" data-element_type=\"widget\" data-e-type=\"widget\" data-widget_type=\"text-editor.default\">\n\t\t\t\t<div class=\"elementor-widget-container\">\n\t\t\t\t\t\t\t\t\t<p>Informace na t\u011bchto webov\u00fdch str\u00e1nk\u00e1ch neust\u00e1le kontrolujeme a aktualizujeme. P\u0159es ve\u0161kerou pe\u010dlivost se \u00fadaje mohly mezit\u00edm zm\u011bnit. Proto nelze p\u0159evz\u00edt \u017e\u00e1dnou odpov\u011bdnost ani z\u00e1ruku za aktu\u00e1lnost, spr\u00e1vnost a \u00faplnost poskytnut\u00fdch informac\u00ed.<br \/>Tyto webov\u00e9 str\u00e1nky mohou obsahovat odkazy na jin\u00e1 vlastnick\u00e1 pr\u00e1va a informace o autorsk\u00fdch pr\u00e1vech, kter\u00e9 je t\u0159eba dodr\u017eovat. Vyhrazujeme si pr\u00e1vo informace v t\u00e9to aplikaci kdykoli aktualizovat a\/nebo zm\u011bnit bez p\u0159edchoz\u00edho upozorn\u011bn\u00ed. To plat\u00ed i pro vylep\u0161en\u00ed a\/nebo zm\u011bny produkt\u016f nebo program\u016f. Upozor\u0148ujeme tak\u00e9, \u017ee informace v t\u00e9to aplikaci mohou obsahovat tiskov\u00e9 chyby.<\/p>\n\t\t\t\t\t\t\t\t<\/div>\n\t\t\t\t<\/div>\n\t\t\t\t\t<\/div>\n\t\t<\/div>\n\t\t\t\t\t<\/div>\n\t\t<\/section>\n\t\t\t\t<section class=\"elementor-section elementor-inner-section elementor-element elementor-element-44766e29 elementor-section-boxed elementor-section-height-default elementor-section-height-default\" data-id=\"44766e29\" data-element_type=\"section\" data-e-type=\"section\">\n\t\t\t\t\t\t<div class=\"elementor-container elementor-column-gap-default\">\n\t\t\t\t\t<div class=\"elementor-column elementor-col-100 elementor-inner-column elementor-element elementor-element-55840140\" data-id=\"55840140\" data-element_type=\"column\" data-e-type=\"column\">\n\t\t\t<div class=\"elementor-widget-wrap elementor-element-populated\">\n\t\t\t\t\t\t<div class=\"elementor-element elementor-element-67e96ca8 elementor-widget elementor-widget-heading\" data-id=\"67e96ca8\" data-element_type=\"widget\" data-e-type=\"widget\" data-widget_type=\"heading.default\">\n\t\t\t\t<div class=\"elementor-widget-container\">\n\t\t\t\t\t<h3 class=\"elementor-heading-title elementor-size-default\">Odpov\u011bdnost za odkazy<\/h3>\t\t\t\t<\/div>\n\t\t\t\t<\/div>\n\t\t\t\t<div class=\"elementor-element elementor-element-16d723e3 elementor-widget elementor-widget-text-editor\" data-id=\"16d723e3\" data-element_type=\"widget\" data-e-type=\"widget\" data-widget_type=\"text-editor.default\">\n\t\t\t\t<div class=\"elementor-widget-container\">\n\t\t\t\t\t\t\t\t\t<p>V rozsudku ze dne 12. z\u00e1\u0159\u00ed 1999 &#8211; 312 O 85\/99 (odpov\u011bdnost za odkazy) rozhodl Zemsk\u00fd soud v Hamburku, \u017ee uv\u00e1d\u011bn\u00ed odkaz\u016f vede tak\u00e9 ke spoluodpov\u011bdnosti za materi\u00e1l nab\u00edzen\u00fd prost\u0159ednictv\u00edm t\u011bchto odkaz\u016f. Podle krajsk\u00e9ho soudu tomu lze zabr\u00e1nit pouze t\u00edm, \u017ee se od tohoto obsahu v\u00fdslovn\u011b distancujeme.<br \/>T\u00edmto se v\u00fdslovn\u011b distancujeme od ve\u0161ker\u00e9ho obsahu odkazovan\u00fdch str\u00e1nek nebo grafiky a nep\u0159ij\u00edm\u00e1me je za sv\u00e9. Ve\u0161ker\u00e1 poru\u0161en\u00ed platn\u00fdch z\u00e1kon\u016f, mor\u00e1lky nebo zvyklost\u00ed, o kter\u00fdch se dozv\u00edme, budou m\u00edt za n\u00e1sledek okam\u017eit\u00e9 odstran\u011bn\u00ed odkaz\u016f, p\u0159\u00edsp\u011bvk\u016f, grafiky a podobn\u011b.<\/p>\n\t\t\t\t\t\t\t\t<\/div>\n\t\t\t\t<\/div>\n\t\t\t\t\t<\/div>\n\t\t<\/div>\n\t\t\t\t\t<\/div>\n\t\t<\/section>\n\t\t\t\t\t<\/div>\n\t\t<\/div>\n\t\t\t\t\t<\/div>\n\t\t<\/section>\n\t\t\t\t<\/div>\n\t\t","protected":false},"excerpt":{"rendered":"<p>Otisk Informace podle \u00a75 TMG Brummi Dusche Carduck GmbH V\u00fdkonn\u00fd \u0159editel: Peter Carduck Rejst\u0159\u00edkov\u00fd soud: M\u00edstn\u00ed soud D\u00fcren Registra\u010dn\u00ed \u010d\u00edslo: HRB 1737 Identifika\u010dn\u00ed \u010d\u00edslo pro da\u0148 z prodeje podle \u00a7 27a UStG: DE170786431 Adresa bydli\u0161t\u011b: Brummi Dusche &#8211; Carduck GmbHWilli-Bleicher-Str. 52 &#8211; 5452353 D\u00fcren Zplnomocn\u011bn\u00ed z\u00e1stupci: Peter Carduck Kontaktn\u00ed \u00fadaje: brummidusche.dueren@t-online.dewww.brummi-dusche.de Pr\u00e1vn\u00ed upozorn\u011bn\u00ed Informace na [&hellip;]<\/p>\n","protected":false},"author":1,"featured_media":0,"parent":0,"menu_order":0,"comment_status":"closed","ping_status":"closed","template":"","meta":{"footnotes":""},"class_list":["post-3366","page","type-page","status-publish","hentry"],"yoast_head":"<!-- This site is optimized with the Yoast SEO plugin v27.2 - https:\/\/yoast.com\/product\/yoast-seo-wordpress\/ -->\n<title>Otisk - Brummi Dusche Truck-Wash<\/title>\n<meta name=\"robots\" content=\"noindex, follow\" \/>\n<meta property=\"og:locale\" content=\"cs_CZ\" \/>\n<meta property=\"og:type\" content=\"article\" \/>\n<meta property=\"og:title\" content=\"Otisk - Brummi Dusche Truck-Wash\" \/>\n<meta property=\"og:description\" content=\"Otisk Informace podle \u00a75 TMG Brummi Dusche Carduck GmbH V\u00fdkonn\u00fd \u0159editel: Peter Carduck Rejst\u0159\u00edkov\u00fd soud: M\u00edstn\u00ed soud D\u00fcren Registra\u010dn\u00ed \u010d\u00edslo: HRB 1737 Identifika\u010dn\u00ed \u010d\u00edslo pro da\u0148 z prodeje podle \u00a7 27a UStG: DE170786431 Adresa bydli\u0161t\u011b: Brummi Dusche &#8211; Carduck GmbHWilli-Bleicher-Str. 52 &#8211; 5452353 D\u00fcren Zplnomocn\u011bn\u00ed z\u00e1stupci: Peter Carduck Kontaktn\u00ed \u00fadaje: brummidusche.dueren@t-online.dewww.brummi-dusche.de Pr\u00e1vn\u00ed upozorn\u011bn\u00ed Informace na [&hellip;]\" \/>\n<meta property=\"og:url\" content=\"https:\/\/brummi-dusche.com\/cs\/otisk\/\" \/>\n<meta property=\"og:site_name\" content=\"Brummi Dusche Truck-Wash\" \/>\n<meta property=\"article:publisher\" content=\"https:\/\/www.facebook.com\/pages\/Brummi-Dusche-Duren\/257495187604910\" \/>\n<meta property=\"article:modified_time\" content=\"2023-04-19T08:15:20+00:00\" \/>\n<meta property=\"og:image\" content=\"https:\/\/brummi-dusche.com\/wp-content\/uploads\/2023\/03\/cropped-Logo-Brummi-Dusche1-2.png\" \/>\n\t<meta property=\"og:image:width\" content=\"232\" \/>\n\t<meta property=\"og:image:height\" content=\"94\" \/>\n\t<meta property=\"og:image:type\" content=\"image\/png\" \/>\n<meta name=\"twitter:card\" content=\"summary_large_image\" \/>\n<meta name=\"twitter:label1\" content=\"Odhadovan\u00e1 doba \u010dten\u00ed\" \/>\n\t<meta name=\"twitter:data1\" content=\"2 minuty\" \/>\n<script type=\"application\/ld+json\" class=\"yoast-schema-graph\">{\"@context\":\"https:\/\/schema.org\",\"@graph\":[{\"@type\":\"WebPage\",\"@id\":\"https:\/\/brummi-dusche.com\/cs\/otisk\/\",\"url\":\"https:\/\/brummi-dusche.com\/cs\/otisk\/\",\"name\":\"Otisk - Brummi Dusche Truck-Wash\",\"isPartOf\":{\"@id\":\"https:\/\/brummi-dusche.com\/#website\"},\"datePublished\":\"2022-03-14T19:59:27+00:00\",\"dateModified\":\"2023-04-19T08:15:20+00:00\",\"breadcrumb\":{\"@id\":\"https:\/\/brummi-dusche.com\/cs\/otisk\/#breadcrumb\"},\"inLanguage\":\"cs\",\"potentialAction\":[{\"@type\":\"ReadAction\",\"target\":[\"https:\/\/brummi-dusche.com\/cs\/otisk\/\"]}]},{\"@type\":\"BreadcrumbList\",\"@id\":\"https:\/\/brummi-dusche.com\/cs\/otisk\/#breadcrumb\",\"itemListElement\":[{\"@type\":\"ListItem\",\"position\":1,\"name\":\"Startseite\",\"item\":\"https:\/\/brummi-dusche.com\/cs\/\"},{\"@type\":\"ListItem\",\"position\":2,\"name\":\"Otisk\"}]},{\"@type\":\"WebSite\",\"@id\":\"https:\/\/brummi-dusche.com\/#website\",\"url\":\"https:\/\/brummi-dusche.com\/\",\"name\":\"Brummi Dusche Truck-Wash\",\"description\":\"Ihr professioneller Anbieter in D\u00fcren f\u00fcr die Reinigung Ihres LKWs, Sprinters und Wohnmobils.\",\"publisher\":{\"@id\":\"https:\/\/brummi-dusche.com\/#organization\"},\"potentialAction\":[{\"@type\":\"SearchAction\",\"target\":{\"@type\":\"EntryPoint\",\"urlTemplate\":\"https:\/\/brummi-dusche.com\/?s={search_term_string}\"},\"query-input\":{\"@type\":\"PropertyValueSpecification\",\"valueRequired\":true,\"valueName\":\"search_term_string\"}}],\"inLanguage\":\"cs\"},{\"@type\":\"Organization\",\"@id\":\"https:\/\/brummi-dusche.com\/#organization\",\"name\":\"Brummi Dusche Truck-Wash\",\"url\":\"https:\/\/brummi-dusche.com\/\",\"logo\":{\"@type\":\"ImageObject\",\"inLanguage\":\"cs\",\"@id\":\"https:\/\/brummi-dusche.com\/#\/schema\/logo\/image\/\",\"url\":\"https:\/\/brummi-dusche.com\/wp-content\/uploads\/2023\/03\/Logo-Brummi-Dusche1-2.png\",\"contentUrl\":\"https:\/\/brummi-dusche.com\/wp-content\/uploads\/2023\/03\/Logo-Brummi-Dusche1-2.png\",\"width\":232,\"height\":94,\"caption\":\"Brummi Dusche Truck-Wash\"},\"image\":{\"@id\":\"https:\/\/brummi-dusche.com\/#\/schema\/logo\/image\/\"},\"sameAs\":[\"https:\/\/www.facebook.com\/pages\/Brummi-Dusche-Duren\/257495187604910\"]}]}<\/script>\n<!-- \/ Yoast SEO plugin. -->","yoast_head_json":{"title":"Otisk - Brummi Dusche Truck-Wash","robots":{"index":"noindex","follow":"follow"},"og_locale":"cs_CZ","og_type":"article","og_title":"Otisk - Brummi Dusche Truck-Wash","og_description":"Otisk Informace podle \u00a75 TMG Brummi Dusche Carduck GmbH V\u00fdkonn\u00fd \u0159editel: Peter Carduck Rejst\u0159\u00edkov\u00fd soud: M\u00edstn\u00ed soud D\u00fcren Registra\u010dn\u00ed \u010d\u00edslo: HRB 1737 Identifika\u010dn\u00ed \u010d\u00edslo pro da\u0148 z prodeje podle \u00a7 27a UStG: DE170786431 Adresa bydli\u0161t\u011b: Brummi Dusche &#8211; Carduck GmbHWilli-Bleicher-Str. 52 &#8211; 5452353 D\u00fcren Zplnomocn\u011bn\u00ed z\u00e1stupci: Peter Carduck Kontaktn\u00ed \u00fadaje: brummidusche.dueren@t-online.dewww.brummi-dusche.de Pr\u00e1vn\u00ed upozorn\u011bn\u00ed Informace na [&hellip;]","og_url":"https:\/\/brummi-dusche.com\/cs\/otisk\/","og_site_name":"Brummi Dusche Truck-Wash","article_publisher":"https:\/\/www.facebook.com\/pages\/Brummi-Dusche-Duren\/257495187604910","article_modified_time":"2023-04-19T08:15:20+00:00","og_image":[{"width":232,"height":94,"url":"https:\/\/brummi-dusche.com\/wp-content\/uploads\/2023\/03\/cropped-Logo-Brummi-Dusche1-2.png","type":"image\/png"}],"twitter_card":"summary_large_image","twitter_misc":{"Odhadovan\u00e1 doba \u010dten\u00ed":"2 minuty"},"schema":{"@context":"https:\/\/schema.org","@graph":[{"@type":"WebPage","@id":"https:\/\/brummi-dusche.com\/cs\/otisk\/","url":"https:\/\/brummi-dusche.com\/cs\/otisk\/","name":"Otisk - Brummi Dusche Truck-Wash","isPartOf":{"@id":"https:\/\/brummi-dusche.com\/#website"},"datePublished":"2022-03-14T19:59:27+00:00","dateModified":"2023-04-19T08:15:20+00:00","breadcrumb":{"@id":"https:\/\/brummi-dusche.com\/cs\/otisk\/#breadcrumb"},"inLanguage":"cs","potentialAction":[{"@type":"ReadAction","target":["https:\/\/brummi-dusche.com\/cs\/otisk\/"]}]},{"@type":"BreadcrumbList","@id":"https:\/\/brummi-dusche.com\/cs\/otisk\/#breadcrumb","itemListElement":[{"@type":"ListItem","position":1,"name":"Startseite","item":"https:\/\/brummi-dusche.com\/cs\/"},{"@type":"ListItem","position":2,"name":"Otisk"}]},{"@type":"WebSite","@id":"https:\/\/brummi-dusche.com\/#website","url":"https:\/\/brummi-dusche.com\/","name":"Brummi Dusche Truck-Wash","description":"Ihr professioneller Anbieter in D\u00fcren f\u00fcr die Reinigung Ihres LKWs, Sprinters und Wohnmobils.","publisher":{"@id":"https:\/\/brummi-dusche.com\/#organization"},"potentialAction":[{"@type":"SearchAction","target":{"@type":"EntryPoint","urlTemplate":"https:\/\/brummi-dusche.com\/?s={search_term_string}"},"query-input":{"@type":"PropertyValueSpecification","valueRequired":true,"valueName":"search_term_string"}}],"inLanguage":"cs"},{"@type":"Organization","@id":"https:\/\/brummi-dusche.com\/#organization","name":"Brummi Dusche Truck-Wash","url":"https:\/\/brummi-dusche.com\/","logo":{"@type":"ImageObject","inLanguage":"cs","@id":"https:\/\/brummi-dusche.com\/#\/schema\/logo\/image\/","url":"https:\/\/brummi-dusche.com\/wp-content\/uploads\/2023\/03\/Logo-Brummi-Dusche1-2.png","contentUrl":"https:\/\/brummi-dusche.com\/wp-content\/uploads\/2023\/03\/Logo-Brummi-Dusche1-2.png","width":232,"height":94,"caption":"Brummi Dusche Truck-Wash"},"image":{"@id":"https:\/\/brummi-dusche.com\/#\/schema\/logo\/image\/"},"sameAs":["https:\/\/www.facebook.com\/pages\/Brummi-Dusche-Duren\/257495187604910"]}]}},"_links":{"self":[{"href":"https:\/\/brummi-dusche.com\/cs\/wp-json\/wp\/v2\/pages\/3366","targetHints":{"allow":["GET"]}}],"collection":[{"href":"https:\/\/brummi-dusche.com\/cs\/wp-json\/wp\/v2\/pages"}],"about":[{"href":"https:\/\/brummi-dusche.com\/cs\/wp-json\/wp\/v2\/types\/page"}],"author":[{"embeddable":true,"href":"https:\/\/brummi-dusche.com\/cs\/wp-json\/wp\/v2\/users\/1"}],"replies":[{"embeddable":true,"href":"https:\/\/brummi-dusche.com\/cs\/wp-json\/wp\/v2\/comments?post=3366"}],"version-history":[{"count":0,"href":"https:\/\/brummi-dusche.com\/cs\/wp-json\/wp\/v2\/pages\/3366\/revisions"}],"wp:attachment":[{"href":"https:\/\/brummi-dusche.com\/cs\/wp-json\/wp\/v2\/media?parent=3366"}],"curies":[{"name":"wp","href":"https:\/\/api.w.org\/{rel}","templated":true}]}}